{"id":2637,"date":"2026-02-06T08:25:15","date_gmt":"2026-02-06T08:25:15","guid":{"rendered":"https:\/\/uus.islam.pri.ee\/?page_id=2637"},"modified":"2026-02-06T09:34:28","modified_gmt":"2026-02-06T09:34:28","slug":"oluline-teave","status":"publish","type":"page","link":"https:\/\/uus.islam.pri.ee\/","title":{"rendered":"Oluline teave!"},"content":{"rendered":"\n<p>Armsad k\u00fclastajad!<\/p>\n\n\n\n<p>Kuna meie koduleht on taaskord sattunud luubi alla, seekord meist kirjutatud lausa Sisekaitseakadeemia magistrit\u00f6\u00f6 (Annabel Ruusmaa &#8211; 2024), l\u00e4bi mille meie suunas teele saadetud hulk s\u00fc\u00fcdistusi, tahaksime, enne kui kodulehte edasi uudistate, taaskord r\u00f5hutada paari olulist punkti, mis meie artikleid lugedes kindlasti kaheti m\u00f5istetavaks v\u00f5i sootuks valesti m\u00f5istetavaks ei tohi j\u00e4\u00e4da:<\/p>\n\n\n\n<p><strong>1)<\/strong> <strong>islam ega meie (kodulehe tegijad) ei propageeri ega \u00f5igusta f\u00fc\u00fcsilist ega vaimset v\u00e4givalda naiste suhtes<\/strong> (naise peksmise teemat puudutav artikkel sai kokku pandud vaid eesm\u00e4rgil moslemitele endile n\u00e4idata, kui v\u00e4\u00e4r on arusaam, et islam seda lubab v\u00f5i isegi k\u00e4sib);<\/p>\n\n\n\n<p><strong>2)<\/strong> <strong>islam ega meie ei propageeri ega \u00f5igusta lapsabielusid<\/strong> (t\u00f5lge fatwast, kus \u00f5petlane \u00fctleb: \u201eInnustage oma lapsi abielluma,\u201c ei k\u00e4i kindlasti alaealiste laste kohta vaid puudutab neid vanemaid, kellel on t\u00e4isealised lapsed, keda majanduslikult kindlustatum vanem p\u00f5lvkond v\u00f5iks abielusoovi korral moraalselt ja majanduslikult toetada, et noored saaksid abielluda);<\/p>\n\n\n\n<p><strong>3)<\/strong> <strong>islam ega meie ei propageeri ega \u00f5igusta \u201eristis\u00f5da\u201c l\u00e4\u00e4nemaailma vastu<\/strong> (meie kodulehelt v\u00f5ib mitmetest artiklitest leida viiteid nii selle kohta, mida s\u00f5na \u201ed\u017eihaad\u201c tegelikult t\u00e4hendab kui ka selgitusi, milline karistus islami algallikate j\u00e4rgi terroriste ees ootab);<\/p>\n\n\n\n<p><strong>4) viimasena ja vast k\u00f5ige olulisemana<\/strong> tooksime v\u00e4lja, et <strong>islami \u00f5igus n\u00e4eb ette, et kui moslem elab mitte-islamiriigis, siis peab ta t\u00e4itma sealset seadust, isegi kui see \u201ek\u00e4rbib\u201c \u00f5igusi, mis tal islamiriigis elades oleks<\/strong> \u2013 kui elukohaj\u00e4rgne riik lubab abielluda vaid \u00fche naisega, siis v\u00f5ib moslemimees abielluda vaid \u00fche naisega (mitu naist ei ole kohustuslik); kui elukohaj\u00e4rgses riigis kehtivate seaduste j\u00e4rgi peab abiellumiseks olema 18, siis peab ka seal riigis abielluv moslem olema 18 (alla 18-aastaselt abiellumine ei ole kohustuslik) jne.<\/p>\n\n\n\n<p>Rahusoovidega, islam.pri.ee meeskond<\/p>\n\n\n\n<div class=\"wp-block-buttons is-layout-flex wp-block-buttons-is-layout-flex\">\n<div class=\"wp-block-button\"><a class=\"wp-block-button__link has-text-align-right wp-element-button\" href=\"https:\/\/islam.pri.ee\/?page_id=364\">J\u00e4tka kodulehele<\/a><\/div>\n<\/div>\n\n\n\n<p><\/p>\n","protected":false},"excerpt":{"rendered":"<p>Armsad k\u00fclastajad! Kuna meie koduleht on taaskord sattunud luubi alla, seekord meist kirjutatud lausa Sisekaitseakadeemia magistrit\u00f6\u00f6 (Annabel Ruusmaa &#8211; 2024), l\u00e4bi mille meie suunas teele saadetud hulk s\u00fc\u00fcdistusi, tahaksime, enne kui kodulehte edasi uudistate, taaskord r\u00f5hutada paari olulist punkti, mis meie artikleid lugedes kindlasti kaheti m\u00f5istetavaks v\u00f5i sootuks valesti m\u00f5istetavaks ei tohi j\u00e4\u00e4da: 1) islam [&hellip;]<\/p>\n","protected":false},"author":1,"featured_media":0,"parent":0,"menu_order":0,"comment_status":"closed","ping_status":"closed","template":"","meta":{"footnotes":""},"class_list":["post-2637","page","type-page","status-publish","hentry"],"_links":{"self":[{"href":"https:\/\/uus.islam.pri.ee\/index.php?rest_route=\/wp\/v2\/pages\/2637","targetHints":{"allow":["GET"]}}],"collection":[{"href":"https:\/\/uus.islam.pri.ee\/index.php?rest_route=\/wp\/v2\/pages"}],"about":[{"href":"https:\/\/uus.islam.pri.ee\/index.php?rest_route=\/wp\/v2\/types\/page"}],"author":[{"embeddable":true,"href":"https:\/\/uus.islam.pri.ee\/index.php?rest_route=\/wp\/v2\/users\/1"}],"replies":[{"embeddable":true,"href":"https:\/\/uus.islam.pri.ee\/index.php?rest_route=%2Fwp%2Fv2%2Fcomments&post=2637"}],"version-history":[{"count":6,"href":"https:\/\/uus.islam.pri.ee\/index.php?rest_route=\/wp\/v2\/pages\/2637\/revisions"}],"predecessor-version":[{"id":2644,"href":"https:\/\/uus.islam.pri.ee\/index.php?rest_route=\/wp\/v2\/pages\/2637\/revisions\/2644"}],"wp:attachment":[{"href":"https:\/\/uus.islam.pri.ee\/index.php?rest_route=%2Fwp%2Fv2%2Fmedia&parent=2637"}],"curies":[{"name":"wp","href":"https:\/\/api.w.org\/{rel}","templated":true}]}}